{"id":2331,"date":"2017-02-17T15:16:28","date_gmt":"2017-02-17T14:16:28","guid":{"rendered":"http:\/\/sveguide.elfordig.se\/the-board\/"},"modified":"2017-08-10T10:43:04","modified_gmt":"2017-08-10T08:43:04","slug":"the-board","status":"publish","type":"page","link":"http:\/\/sveguide.elfordig.se\/en\/the-board\/","title":{"rendered":"The Board"},"content":{"rendered":"<table width=\"100%\">\n<tbody>\n<tr>\n<td class=\"photos\" width=\"33%\"><img decoding=\"async\" src=\"http:\/\/sveguide.elfordig.se\/wp-content\/uploads\/2015\/02\/birgitta.jpg\" alt=\"\" \/><\/td>\n<td class=\"photos\" width=\"33%\"><img decoding=\"async\" loading=\"lazy\" class=\"alignnone size-full wp-image-2606\" src=\"http:\/\/sveguide.elfordig.se\/wp-content\/uploads\/Patrice_worth_kassor.jpg\" alt=\"Patrice Worth kass\u00f6r\" width=\"126\" height=\"180\" \/><\/td>\n<td class=\"photos\" width=\"33%\"><img decoding=\"async\" loading=\"lazy\" class=\"alignnone size-full wp-image-2823\" src=\"http:\/\/sveguide.elfordig.se\/wp-content\/uploads\/Pia_Sandstedt_styrelsen.jpg\" alt=\"Pia Sandstedt\" width=\"120\" height=\"180\" \/><\/td>\n<\/tr>\n<tr>\n<td class=\"details\" width=\"33%\"><b>President<\/b><br \/>\nBirgitta Ekesand<\/p>\n<p><strong>Responsibilities:<\/strong><br \/>\nPress, Authorities,<br \/>\nFEG, Visita<\/p>\n<p><a href=\"mailto:ordforande@guidesofsweden.com\">Contact Birgitta<\/a><\/td>\n<td class=\"details\" width=\"33%\"><strong>Treasurer<\/strong><br \/>\nPatrice Worth<\/p>\n<p><strong>Responsibilities:<\/strong><\/p>\n<p><a href=\"mailto:ekonomi@guidesofsweden.com\">Contact Patrice<\/a><\/td>\n<td class=\"details\" width=\"33%\"><strong>Secretary<\/strong><br \/>\nPia Sandstedt<\/p>\n<p><strong>Responsibilities:<\/strong><br \/>\nArchives<\/p>\n<p><strong>Geographical Areas:<\/strong><br \/>\nSk\u00e5ne, Sm\u00e5land<\/p>\n<p><a href=\"mailto:sekreterare@guidesofsweden.com\">Contact Pia<\/a><\/td>\n<\/tr>\n<tr>\n<td class=\"photos\" width=\"33%\"><img decoding=\"async\" src=\"http:\/\/sveguide.elfordig.se\/wp-content\/uploads\/2015\/02\/alexandra.jpg\" alt=\"\" \/><\/td>\n<td class=\"photos\" width=\"33%\"><img decoding=\"async\" loading=\"lazy\" class=\"alignnone size-full wp-image-2627\" src=\"http:\/\/sveguide.elfordig.se\/wp-content\/uploads\/Tapio_Alakorkko.jpg\" alt=\"Tapio Alak\u00f6rkk\u00f6\" width=\"120\" height=\"180\" \/><\/td>\n<td class=\"photos\" width=\"33%\"><img decoding=\"async\" src=\"http:\/\/sveguide.elfordig.se\/wp-content\/uploads\/2015\/04\/Eva.jpg\" alt=\"\" \/><\/td>\n<\/tr>\n<tr>\n<td class=\"details\" width=\"33%\"><strong>Board Member<\/strong><br \/>\nAlexandra L\u00f6\u00f6w<\/p>\n<p><strong>Responsibilities:<\/strong><br \/>\nWeb site, Visita,<br \/>\nThe Swedish Bus and<br \/>\nCoach Federation<\/p>\n<p><strong>Geographical Areas:<\/strong><br \/>\nStockholm<\/p>\n<p><a href=\"mailto:ordforande@guidesofsweden.com\">Contact<\/a><a href=\"mailto:hemsida@guidesofsweden.com\"> Alexandra<\/a><\/td>\n<td class=\"details\" width=\"33%\"><strong>Board Member<\/strong><br \/>\nTapio Alak\u00f6rkk\u00f6<\/p>\n<p><strong>Responsibilities:<\/strong><br \/>\nEducation and Training,<br \/>\nVisita<\/p>\n<p><strong>Geographical Areas:<\/strong><br \/>\nV\u00e4sterg\u00f6tland, Dalarna<\/p>\n<p><a href=\"mailto:utbildning@guidesofsweden.com\"> Contact Tapio<\/a><\/td>\n<td class=\"details\" width=\"33%\"><strong>Member Community<br \/>\n<\/strong>\u00a0Eva Lindgren<\/p>\n<p><strong>Responsibilities:<\/strong><br \/>\nMembership list and<br \/>\nCommunication, IGC<\/p>\n<p><strong>Geographical Areas:<\/strong><br \/>\n\u00d6sterg\u00f6tland, V\u00e4sterbotten, \u00c5ngermanland, enskilda medlemmar<\/p>\n<p><a href=\"mailto:ordforande@guidesofsweden.com\">Contact<\/a><a href=\"mailto:medlemsansvarig@guidesofsweden.com\"> Eva<\/a><\/td>\n<\/tr>\n<tr>\n<td class=\"photos\" width=\"33%\"><img decoding=\"async\" src=\"http:\/\/sveguide.elfordig.se\/wp-content\/uploads\/2014\/12\/Peter.jpg\" alt=\"\" \/><\/td>\n<\/tr>\n<tr>\n<td class=\"details\" width=\"33%\"><strong>Board Member<\/strong><br \/>\nPeter Winroth<\/p>\n<p><strong>Responsibilities:<\/strong><br \/>\nMarketing<\/p>\n<p><strong>Geographical Areas:<\/strong><br \/>\nBohusl\u00e4n, Halland, G\u00f6teborg<\/p>\n<p><a href=\"mailto:marknadsforing@guidesofsweden.com\">Contact Peter<\/a><\/td>\n<\/tr>\n<\/tbody>\n<\/table>\n","protected":false},"excerpt":{"rendered":"<p>President Birgitta Ekesand Responsibilities: Press, Authorities, FEG, Visita Contact Birgitta Treasurer Patrice Worth Responsibilities: Contact Patrice Secretary Pia Sandstedt Responsibilities: Archives Geographical Areas: Sk\u00e5ne, Sm\u00e5land Contact Pia Board Member Alexandra L\u00f6\u00f6w Responsibilities: Web site, Visita, The Swedish Bus and Coach Federation Geographical Areas: Stockholm Contact Alexandra Board Member Tapio Alak\u00f6rkk\u00f6 Responsibilities: Education and Training, Visita&hellip;<\/p>\n","protected":false},"author":1,"featured_media":0,"parent":0,"menu_order":0,"comment_status":"closed","ping_status":"closed","template":"","meta":[],"_links":{"self":[{"href":"http:\/\/sveguide.elfordig.se\/en\/wp-json\/wp\/v2\/pages\/2331"}],"collection":[{"href":"http:\/\/sveguide.elfordig.se\/en\/wp-json\/wp\/v2\/pages"}],"about":[{"href":"http:\/\/sveguide.elfordig.se\/en\/wp-json\/wp\/v2\/types\/page"}],"author":[{"embeddable":true,"href":"http:\/\/sveguide.elfordig.se\/en\/wp-json\/wp\/v2\/users\/1"}],"replies":[{"embeddable":true,"href":"http:\/\/sveguide.elfordig.se\/en\/wp-json\/wp\/v2\/comments?post=2331"}],"version-history":[{"count":12,"href":"http:\/\/sveguide.elfordig.se\/en\/wp-json\/wp\/v2\/pages\/2331\/revisions"}],"predecessor-version":[{"id":2826,"href":"http:\/\/sveguide.elfordig.se\/en\/wp-json\/wp\/v2\/pages\/2331\/revisions\/2826"}],"wp:attachment":[{"href":"http:\/\/sveguide.elfordig.se\/en\/wp-json\/wp\/v2\/media?parent=2331"}],"curies":[{"name":"wp","href":"https:\/\/api.w.org\/{rel}","templated":true}]}}