{"id":2389,"date":"2017-02-17T18:06:39","date_gmt":"2017-02-17T17:06:39","guid":{"rendered":"http:\/\/sveguide.elfordig.se\/start\/"},"modified":"2017-03-02T11:59:04","modified_gmt":"2017-03-02T10:59:04","slug":"start","status":"publish","type":"page","link":"http:\/\/sveguide.elfordig.se\/en\/","title":{"rendered":"Start"},"content":{"rendered":"[vc_row css=&#8221;.vc_custom_1485299569857{background-color: #f9f9fa !important;}&#8221;][vc_column]<div class=\"vcex-spacing wpex-w-100 wpex-clear\" style=\"height:20px;\"><\/div><div class=\"vcex-spacing wpex-w-100 wpex-clear\" style=\"height:20px;\"><\/div>[vc_column_text]\n<p style=\"text-align: center;\"><span style=\"color: #666666;\"><strong><span style=\"font-size: 21px; font-family: 'Open Sans';\">The Swedish Tourist Guide Association (SveGuide) is an interest organisation for\u00a0qualified tourist guides in Sweden.\u00a0<\/span><\/strong><\/span><\/p>\n<p style=\"text-align: center;\"><span style=\"color: #666666;\"><strong><span style=\"font-size: 21px; font-family: 'Open Sans';\">We make sure that clients find good-quality-guides for their assignments.\u00a0<\/span><\/strong><\/span><\/p>\n<p style=\"text-align: center;\"><span style=\"color: #666666;\"><strong><span style=\"font-size: 21px; font-family: 'Open Sans';\">We set the standard for guide training and professional certificates.<\/span><\/strong><\/span><\/p>\n[\/vc_column_text][\/vc_column][\/vc_row][vc_row center_row=&#8221;yes&#8221;][vc_column width=&#8221;2\/3&#8243;]<div class=\"vcex-spacing wpex-w-100 wpex-clear\" style=\"height:20px;\"><\/div><div class=\"vcex-spacing wpex-w-100 wpex-clear\" style=\"height:20px;\"><\/div>[vc_column_text]<strong>Welcome to the Swedish Tourist Guide Association!<\/strong><\/p>\n<p>Sweden is a wonderful country, with so much to experience. There are four seasons, big variations from north to south and a\u00a0thousand years of history to draw from. Whether you travel Sweden as visitors or residents\u00a0a guide can enhance your experience of the place!<\/p>\n<p>Our members have undergone extensive training and expertize and provide entertaining tourism experience to groups and individual travelers from Sweden as well as visitors from abroad. Between them they speak some 30 languages and sign language.<\/p>\n<p>The Association has nearly 700 members living and working across the country, from North to South.<\/p>\n<p>A qualified tourist guide is an ambassador of Sweden and offers the inside knowledge that only a local can provide about their town and area, covering both the past and the present.\u00a0Whether you take a walking tour, coach tour or visit a museum, it will be a lifetime memory when you choose a qualified tourist guide.<\/p>\n<p>The guides are serviceminded and thanks to their professionalism and skills you will feel truly welcomed to the places you visit in Sweden.[\/vc_column_text]<div class=\"vcex-spacing wpex-w-100 wpex-clear\" style=\"height:20px;\"><\/div><div class=\"vcex-spacing wpex-w-100 wpex-clear\" style=\"height:20px;\"><\/div><a href=\"\/en\/find-a-guide\/\" title=\"Guide Sweden\" class=\"vcex-button theme-button large align-left inline hvr hvr-grow\" style=\"background:#547caf;color:#ffffff;\" data-wpex-hover='{&quot;background&quot;:&quot;#0291bc&quot;,&quot;color&quot;:&quot;#ffff00&quot;}'><span class=\"theme-button-inner\">Find your guide here<\/span><\/a> [\/vc_column][vc_column width=&#8221;1\/3&#8243;]<div class=\"vcex-spacing wpex-w-100 wpex-clear\" style=\"height:20px;\"><\/div>[vc_single_image image=&#8221;2453&#8243;][\/vc_column][\/vc_row][vc_row center_row=&#8221;yes&#8221; css=&#8221;.vc_custom_1485428176195{background-color: #f9f9fa !important;}&#8221;][vc_column width=&#8221;1\/3&#8243;]<div class=\"vcex-spacing wpex-w-100 wpex-clear\"><\/div>[vc_column_text]\n<h3>What SveGuide can do for you (the customer)<\/h3>\n<p>I am text block. Click edit button to change this text. Lorem ipsum dolor sit amet, consectetur adipiscing elit. Ut elit tellus, luctus nec ullamcorper mattis, pulvinar dapibus leo.[\/vc_column_text]<div class=\"vcex-spacing wpex-w-100 wpex-clear\" style=\"height:20px;\"><\/div><div class=\"vcex-module vcex-bullets vcex-bullets-check\">\n<ul>\n<li>List 1<\/li>\n<li>List 2<\/li>\n<li>List 3<\/li>\n<li>List 4<\/li>\n<\/ul>\n<\/div>[\/vc_column][vc_column width=&#8221;1\/3&#8243;]<div class=\"vcex-spacing wpex-w-100 wpex-clear\" style=\"height:20px;\"><\/div><div class=\"vcex-spacing wpex-w-100 wpex-clear\" style=\"height:20px;\"><\/div>[vc_single_image image=&#8221;2226&#8243;][\/vc_column][vc_column width=&#8221;1\/3&#8243;]<div class=\"vcex-spacing wpex-w-100 wpex-clear\" style=\"height:20px;\"><\/div><div class=\"vcex-spacing wpex-w-100 wpex-clear\"><\/div><div class=\"vcex-module vcex-teaser vcex-teaser-three wpex-surface-2 vc_custom_1486475846398\" style=\"background:#fff799;border-color:#82a6b1;border-radius:1px;\"><div class=\"vcex-teaser-content wpex-p-20\" style=\"border-radius:1px;\"><h2 class=\"vcex-teaser-heading wpex-heading wpex-text-lg\" style=\"color:#4f5965;font-size:16px;\"><a href=\"\/nationell-guideauktorisation\/\" title=\"Guider med kvalitet\" class=\"wpex-no-underline\">Guider med kvalitet<\/a><\/h2><div class=\"vcex-teaser-text wpex-mt-10 wpex-last-mb-0 wpex-clr\"><p><span style=\"font-size: 13px;font-family: 'Open Sans'\">Idag kan vem som helst kalla sig guide och kvaliteten varierar. F\u00f6r att best\u00e4llare och bes\u00f6kare ska f\u00e5 guider av god kvalitet har SveGuide\u00a0och Visita 2016 arbetat fram en kvalitetsstandard f\u00f6r guideyrket. Den heter Nationell auktorisation och majoriteten av v\u00e5ra medlemmar har denna auktorisation. \u00a0<\/span><\/p>\n<p><span style=\"font-size: 13px;font-family: 'Open Sans'\">Auktorisation s\u00e4kerst\u00e4ller guidens yrkeskompetens att f\u00f6rmedla kunskap p\u00e5 ett tilltalande och s\u00e4kert s\u00e4tt. \u00a0Anlita en auktoriserad guide s\u00e5 f\u00e5r ni en guide av god kvalitet.\u00a0<\/span><\/p>\n<\/div><\/div><\/div>[\/vc_column][\/vc_row][vc_row css=&#8221;.vc_custom_1485793359880{background-color: #f4eee7 !important;}&#8221;][vc_column][\/vc_column][\/vc_row][vc_row center_row=&#8221;yes&#8221; css=&#8221;.vc_custom_1485777232009{background-color: #eee8db !important;}&#8221;][vc_column width=&#8221;1\/2&#8243;]<div class=\"vcex-spacing wpex-w-100 wpex-clear\"><\/div>[vc_column_text]\n<h3>What SveGuide does for its members (the guides)<\/h3>\n[\/vc_column_text]<div class=\"vcex-spacing wpex-w-100 wpex-clear\" style=\"height:20px;\"><\/div><div class=\"vcex-module vcex-bullets vcex-bullets-check\">\n<ul>\n<li><span style=\"color: #666666\">Driver guidefr\u00e5gor i Sverige och internationellt<\/span><\/li>\n<li><span style=\"color: #666666\">Kompetensutvecklar p\u00e5 \u00e5rsst\u00e4mma och utbildningstr\u00e4ffar<\/span><\/li>\n<li><span style=\"color: #666666\">S\u00e4tter yrkesstandard och certifierar<\/span><\/li>\n<li><span style=\"color: #666666\">Visar upp och promotar guideyrkets merv\u00e4rde f\u00f6r bes\u00f6kare.<\/span><\/li>\n<li><span style=\"color: #666666\">Marknadsf\u00f6r guider i olika sammanhang, inklusive f\u00f6rmedlar kontakt genom hemsidan.<\/span><\/li>\n<li><span style=\"color: #666666\">Erbjuder ett n\u00e4tverk och kollegie-skap f\u00f6r guider.<\/span><\/li>\n<\/ul>\n<\/div>[\/vc_column][vc_column width=&#8221;1\/2&#8243;]<div class=\"vcex-spacing wpex-w-100 wpex-clear\" style=\"height:20px;\"><\/div><div class=\"vcex-spacing wpex-w-100 wpex-clear\" style=\"height:20px;\"><\/div><div class=\"vcex-spacing wpex-w-100 wpex-clear\" style=\"height:20px;\"><\/div>[vc_single_image image=&#8221;1857&#8243;]<div class=\"vcex-spacing wpex-w-100 wpex-clear\"><\/div>[\/vc_column][\/vc_row][vc_row][vc_column]<div class=\"vcex-spacing wpex-w-100 wpex-clear\"><\/div>[\/vc_column][\/vc_row]\n","protected":false},"excerpt":{"rendered":"<p>[vc_row css=&#8221;.vc_custom_1485299569857{background-color: #f9f9fa !important;}&#8221;][vc_column][vc_column_text] The Swedish Tourist Guide Association (SveGuide) is an interest organisation for\u00a0qualified tourist guides in Sweden.\u00a0 We make sure that clients find good-quality-guides for their assignments.\u00a0 We set the standard for guide training and professional certificates. [\/vc_column_text][\/vc_column][\/vc_row][vc_row center_row=&#8221;yes&#8221;][vc_column width=&#8221;2\/3&#8243;][vc_column_text]Welcome to the Swedish Tourist Guide Association! Sweden is a wonderful country, with so&hellip;<\/p>\n","protected":false},"author":1,"featured_media":0,"parent":0,"menu_order":0,"comment_status":"closed","ping_status":"closed","template":"","meta":[],"_links":{"self":[{"href":"http:\/\/sveguide.elfordig.se\/en\/wp-json\/wp\/v2\/pages\/2389"}],"collection":[{"href":"http:\/\/sveguide.elfordig.se\/en\/wp-json\/wp\/v2\/pages"}],"about":[{"href":"http:\/\/sveguide.elfordig.se\/en\/wp-json\/wp\/v2\/types\/page"}],"author":[{"embeddable":true,"href":"http:\/\/sveguide.elfordig.se\/en\/wp-json\/wp\/v2\/users\/1"}],"replies":[{"embeddable":true,"href":"http:\/\/sveguide.elfordig.se\/en\/wp-json\/wp\/v2\/comments?post=2389"}],"version-history":[{"count":17,"href":"http:\/\/sveguide.elfordig.se\/en\/wp-json\/wp\/v2\/pages\/2389\/revisions"}],"predecessor-version":[{"id":2456,"href":"http:\/\/sveguide.elfordig.se\/en\/wp-json\/wp\/v2\/pages\/2389\/revisions\/2456"}],"wp:attachment":[{"href":"http:\/\/sveguide.elfordig.se\/en\/wp-json\/wp\/v2\/media?parent=2389"}],"curies":[{"name":"wp","href":"https:\/\/api.w.org\/{rel}","templated":true}]}}