{"id":2442,"date":"2017-02-20T17:23:27","date_gmt":"2017-02-20T16:23:27","guid":{"rendered":"http:\/\/sveguide.elfordig.se\/find-a-guide\/stand-alone-member\/"},"modified":"2017-08-10T13:57:44","modified_gmt":"2017-08-10T11:57:44","slug":"stand-alone-member","status":"publish","type":"page","link":"http:\/\/sveguide.elfordig.se\/en\/find-a-guide\/stand-alone-member\/","title":{"rendered":"Stand-alone members"},"content":{"rendered":"[vc_row][vc_column][vc_column_text]\n<h2>Find a guide &#8211; stand-alone members<\/h2>\n[\/vc_column_text][\/vc_column][\/vc_row][vc_row][vc_column width=&#8221;1\/3&#8243;][vc_column_text]\n<h3>South of Sweden<\/h3>\n<p><strong>Sk\u00e5ne<br \/>\n<\/strong><a href=\"\/?page_id=2306\">Eva Nehrer<\/a><\/p>\n<p><strong>Blekinge<\/strong><br \/>\n<a href=\"\/?page_id=793\">Katarina Zetterfalk<\/a><\/p>\n<p><strong>Halland<\/strong><br \/>\n<a href=\"\/?page_id=2182\">Marie Gustafsson<\/a><\/p>\n<p><strong>G\u00f6teborg<\/strong><br \/>\n<a href=\"\/?page_id=2185\">Eleonor Jacobsson<\/a><\/p>\n<p><strong>V\u00e4sterg\u00f6tland<\/strong><br \/>\n<a href=\"\/?page_id=2185\">Eleonor Jacobsson<\/a><br \/>\n<a href=\"\/?page_id=2189\">Michelle Winkel<\/a>[\/vc_column_text][\/vc_column][vc_column width=&#8221;1\/3&#8243;][vc_column_text]\n<h3>Central Sweden<\/h3>\n<p><strong>\u00d6sterg\u00f6tland<\/strong><br \/>\n<a href=\"\/?page_id=2193\">Karin Byfalk<\/a><\/p>\n<p><strong>Uppland<\/strong><br \/>\n<a href=\"\/?page_id=2196\">Hisako Okamoto<\/a><\/p>\n<p><strong>Stockholm<\/strong><br \/>\n<a href=\"\/?page_id=2196\">Hisako Okamoto<\/a>[\/vc_column_text][\/vc_column][vc_column width=&#8221;1\/3&#8243;][vc_column_text]\n<h3>North of\u00a0Sweden<\/h3>\n<p><strong>J\u00e4mtland<\/strong><br \/>\n<a href=\"\/?page_id=2303\">Gunilla Nilsson Edler<\/a><br \/>\n<a href=\"\/?page_id=2306\">Eva Nehrer<\/a>[\/vc_column_text][\/vc_column][\/vc_row][vc_row][vc_column][vc_empty_space][\/vc_column][\/vc_row]\n","protected":false},"excerpt":{"rendered":"<p>[vc_row][vc_column][vc_column_text] Find a guide &#8211; stand-alone members [\/vc_column_text][\/vc_column][\/vc_row][vc_row][vc_column width=&#8221;1\/3&#8243;][vc_column_text] South of Sweden Sk\u00e5ne Eva Nehrer Blekinge Katarina Zetterfalk Halland Marie Gustafsson G\u00f6teborg Eleonor Jacobsson V\u00e4sterg\u00f6tland Eleonor Jacobsson Michelle Winkel[\/vc_column_text][\/vc_column][vc_column width=&#8221;1\/3&#8243;][vc_column_text] Central Sweden \u00d6sterg\u00f6tland Karin Byfalk Uppland Hisako Okamoto Stockholm Hisako Okamoto[\/vc_column_text][\/vc_column][vc_column width=&#8221;1\/3&#8243;][vc_column_text] North of\u00a0Sweden J\u00e4mtland Gunilla Nilsson Edler Eva Nehrer[\/vc_column_text][\/vc_column][\/vc_row][vc_row][vc_column][vc_empty_space][\/vc_column][\/vc_row]<\/p>\n","protected":false},"author":1,"featured_media":0,"parent":2314,"menu_order":0,"comment_status":"closed","ping_status":"closed","template":"","meta":[],"_links":{"self":[{"href":"http:\/\/sveguide.elfordig.se\/en\/wp-json\/wp\/v2\/pages\/2442"}],"collection":[{"href":"http:\/\/sveguide.elfordig.se\/en\/wp-json\/wp\/v2\/pages"}],"about":[{"href":"http:\/\/sveguide.elfordig.se\/en\/wp-json\/wp\/v2\/types\/page"}],"author":[{"embeddable":true,"href":"http:\/\/sveguide.elfordig.se\/en\/wp-json\/wp\/v2\/users\/1"}],"replies":[{"embeddable":true,"href":"http:\/\/sveguide.elfordig.se\/en\/wp-json\/wp\/v2\/comments?post=2442"}],"version-history":[{"count":6,"href":"http:\/\/sveguide.elfordig.se\/en\/wp-json\/wp\/v2\/pages\/2442\/revisions"}],"predecessor-version":[{"id":2829,"href":"http:\/\/sveguide.elfordig.se\/en\/wp-json\/wp\/v2\/pages\/2442\/revisions\/2829"}],"up":[{"embeddable":true,"href":"http:\/\/sveguide.elfordig.se\/en\/wp-json\/wp\/v2\/pages\/2314"}],"wp:attachment":[{"href":"http:\/\/sveguide.elfordig.se\/en\/wp-json\/wp\/v2\/media?parent=2442"}],"curies":[{"name":"wp","href":"https:\/\/api.w.org\/{rel}","templated":true}]}}